{"id":1384,"date":"2023-02-16T12:53:28","date_gmt":"2023-02-16T12:53:28","guid":{"rendered":"https:\/\/lastovski21.thkit.ee\/wp\/?page_id=1384"},"modified":"2023-02-16T12:55:57","modified_gmt":"2023-02-16T12:55:57","slug":"jira-scrum-projekt","status":"publish","type":"page","link":"https:\/\/lastovski21.thkit.ee\/wp\/jira-scrum-projekt\/","title":{"rendered":"JiRA: SCRUM projekt"},"content":{"rendered":"\n<h2 class=\"wp-block-heading\">1. T\u00f6\u00f6plaan<\/h2>\n\n\n\n<figure class=\"wp-block-image size-large\"><img loading=\"lazy\" decoding=\"async\" width=\"1024\" height=\"617\" src=\"https:\/\/lastovski21.thkit.ee\/wp\/wp-content\/uploads\/2023\/02\/pilt-1024x617.png\" alt=\"\" class=\"wp-image-1385\" srcset=\"https:\/\/lastovski21.thkit.ee\/wp\/wp-content\/uploads\/2023\/02\/pilt-1024x617.png 1024w, https:\/\/lastovski21.thkit.ee\/wp\/wp-content\/uploads\/2023\/02\/pilt-300x181.png 300w, https:\/\/lastovski21.thkit.ee\/wp\/wp-content\/uploads\/2023\/02\/pilt-768x463.png 768w, https:\/\/lastovski21.thkit.ee\/wp\/wp-content\/uploads\/2023\/02\/pilt-150x90.png 150w, https:\/\/lastovski21.thkit.ee\/wp\/wp-content\/uploads\/2023\/02\/pilt-600x362.png 600w, https:\/\/lastovski21.thkit.ee\/wp\/wp-content\/uploads\/2023\/02\/pilt.png 1148w\" sizes=\"auto, (max-width: 1024px) 100vw, 1024px\" \/><\/figure>\n\n\n\n<h2 class=\"wp-block-heading\">2. k\u00e4ivitatud ja k\u00e4ivitamata sprindid<\/h2>\n\n\n\n<figure class=\"wp-block-image size-large\"><img loading=\"lazy\" decoding=\"async\" width=\"1024\" height=\"388\" src=\"https:\/\/lastovski21.thkit.ee\/wp\/wp-content\/uploads\/2023\/02\/pilt-6-1024x388.png\" alt=\"\" class=\"wp-image-1391\" srcset=\"https:\/\/lastovski21.thkit.ee\/wp\/wp-content\/uploads\/2023\/02\/pilt-6-1024x388.png 1024w, https:\/\/lastovski21.thkit.ee\/wp\/wp-content\/uploads\/2023\/02\/pilt-6-300x114.png 300w, https:\/\/lastovski21.thkit.ee\/wp\/wp-content\/uploads\/2023\/02\/pilt-6-768x291.png 768w, https:\/\/lastovski21.thkit.ee\/wp\/wp-content\/uploads\/2023\/02\/pilt-6-150x57.png 150w, https:\/\/lastovski21.thkit.ee\/wp\/wp-content\/uploads\/2023\/02\/pilt-6-1536x582.png 1536w, https:\/\/lastovski21.thkit.ee\/wp\/wp-content\/uploads\/2023\/02\/pilt-6-600x227.png 600w, https:\/\/lastovski21.thkit.ee\/wp\/wp-content\/uploads\/2023\/02\/pilt-6.png 1646w\" sizes=\"auto, (max-width: 1024px) 100vw, 1024px\" \/><\/figure>\n\n\n\n<figure class=\"wp-block-image size-large\"><img loading=\"lazy\" decoding=\"async\" width=\"1024\" height=\"337\" src=\"https:\/\/lastovski21.thkit.ee\/wp\/wp-content\/uploads\/2023\/02\/pilt-7-1024x337.png\" alt=\"\" class=\"wp-image-1392\" srcset=\"https:\/\/lastovski21.thkit.ee\/wp\/wp-content\/uploads\/2023\/02\/pilt-7-1024x337.png 1024w, https:\/\/lastovski21.thkit.ee\/wp\/wp-content\/uploads\/2023\/02\/pilt-7-300x99.png 300w, https:\/\/lastovski21.thkit.ee\/wp\/wp-content\/uploads\/2023\/02\/pilt-7-768x253.png 768w, https:\/\/lastovski21.thkit.ee\/wp\/wp-content\/uploads\/2023\/02\/pilt-7-150x49.png 150w, https:\/\/lastovski21.thkit.ee\/wp\/wp-content\/uploads\/2023\/02\/pilt-7-1536x506.png 1536w, https:\/\/lastovski21.thkit.ee\/wp\/wp-content\/uploads\/2023\/02\/pilt-7-600x198.png 600w, https:\/\/lastovski21.thkit.ee\/wp\/wp-content\/uploads\/2023\/02\/pilt-7.png 1646w\" sizes=\"auto, (max-width: 1024px) 100vw, 1024px\" \/><\/figure>\n\n\n\n<h2 class=\"wp-block-heading\">3. T\u00f6\u00f6laud &#8211; ettevalimistus sprint ja andmebaas sprint<\/h2>\n\n\n\n<figure class=\"wp-block-image size-large\"><img loading=\"lazy\" decoding=\"async\" width=\"1024\" height=\"317\" src=\"https:\/\/lastovski21.thkit.ee\/wp\/wp-content\/uploads\/2023\/02\/pilt-2-1024x317.png\" alt=\"\" class=\"wp-image-1387\" srcset=\"https:\/\/lastovski21.thkit.ee\/wp\/wp-content\/uploads\/2023\/02\/pilt-2-1024x317.png 1024w, https:\/\/lastovski21.thkit.ee\/wp\/wp-content\/uploads\/2023\/02\/pilt-2-300x93.png 300w, https:\/\/lastovski21.thkit.ee\/wp\/wp-content\/uploads\/2023\/02\/pilt-2-768x237.png 768w, https:\/\/lastovski21.thkit.ee\/wp\/wp-content\/uploads\/2023\/02\/pilt-2-150x46.png 150w, https:\/\/lastovski21.thkit.ee\/wp\/wp-content\/uploads\/2023\/02\/pilt-2-600x185.png 600w, https:\/\/lastovski21.thkit.ee\/wp\/wp-content\/uploads\/2023\/02\/pilt-2.png 1307w\" sizes=\"auto, (max-width: 1024px) 100vw, 1024px\" \/><\/figure>\n\n\n\n<figure class=\"wp-block-image size-large\"><img loading=\"lazy\" decoding=\"async\" width=\"1024\" height=\"342\" src=\"https:\/\/lastovski21.thkit.ee\/wp\/wp-content\/uploads\/2023\/02\/pilt-3-1024x342.png\" alt=\"\" class=\"wp-image-1388\" srcset=\"https:\/\/lastovski21.thkit.ee\/wp\/wp-content\/uploads\/2023\/02\/pilt-3-1024x342.png 1024w, https:\/\/lastovski21.thkit.ee\/wp\/wp-content\/uploads\/2023\/02\/pilt-3-300x100.png 300w, https:\/\/lastovski21.thkit.ee\/wp\/wp-content\/uploads\/2023\/02\/pilt-3-768x256.png 768w, https:\/\/lastovski21.thkit.ee\/wp\/wp-content\/uploads\/2023\/02\/pilt-3-150x50.png 150w, https:\/\/lastovski21.thkit.ee\/wp\/wp-content\/uploads\/2023\/02\/pilt-3-600x200.png 600w, https:\/\/lastovski21.thkit.ee\/wp\/wp-content\/uploads\/2023\/02\/pilt-3.png 1297w\" sizes=\"auto, (max-width: 1024px) 100vw, 1024px\" \/><\/figure>\n\n\n\n<h2 class=\"wp-block-heading\">4. Projekt on lingitud github&#8217;iga<\/h2>\n\n\n\n<figure class=\"wp-block-image size-full\"><img loading=\"lazy\" decoding=\"async\" width=\"590\" height=\"323\" src=\"https:\/\/lastovski21.thkit.ee\/wp\/wp-content\/uploads\/2023\/02\/pilt-4.png\" alt=\"\" class=\"wp-image-1389\" srcset=\"https:\/\/lastovski21.thkit.ee\/wp\/wp-content\/uploads\/2023\/02\/pilt-4.png 590w, https:\/\/lastovski21.thkit.ee\/wp\/wp-content\/uploads\/2023\/02\/pilt-4-300x164.png 300w, https:\/\/lastovski21.thkit.ee\/wp\/wp-content\/uploads\/2023\/02\/pilt-4-150x82.png 150w\" sizes=\"auto, (max-width: 590px) 100vw, 590px\" \/><\/figure>\n\n\n\n<h2 class=\"wp-block-heading\">Kokkuv\u00f5ttev diagramm<\/h2>\n\n\n\n<figure class=\"wp-block-image size-large\"><img loading=\"lazy\" decoding=\"async\" width=\"1024\" height=\"360\" src=\"https:\/\/lastovski21.thkit.ee\/wp\/wp-content\/uploads\/2023\/02\/pilt-5-1024x360.png\" alt=\"\" class=\"wp-image-1390\" srcset=\"https:\/\/lastovski21.thkit.ee\/wp\/wp-content\/uploads\/2023\/02\/pilt-5-1024x360.png 1024w, https:\/\/lastovski21.thkit.ee\/wp\/wp-content\/uploads\/2023\/02\/pilt-5-300x106.png 300w, https:\/\/lastovski21.thkit.ee\/wp\/wp-content\/uploads\/2023\/02\/pilt-5-768x270.png 768w, https:\/\/lastovski21.thkit.ee\/wp\/wp-content\/uploads\/2023\/02\/pilt-5-150x53.png 150w, https:\/\/lastovski21.thkit.ee\/wp\/wp-content\/uploads\/2023\/02\/pilt-5-1536x540.png 1536w, https:\/\/lastovski21.thkit.ee\/wp\/wp-content\/uploads\/2023\/02\/pilt-5-600x211.png 600w, https:\/\/lastovski21.thkit.ee\/wp\/wp-content\/uploads\/2023\/02\/pilt-5.png 1669w\" sizes=\"auto, (max-width: 1024px) 100vw, 1024px\" \/><\/figure>\n","protected":false},"excerpt":{"rendered":"<p>1. T\u00f6\u00f6plaan 2. k\u00e4ivitatud ja k\u00e4ivitamata sprindid 3. T\u00f6\u00f6laud &#8211; ettevalimistus sprint ja andmebaas sprint 4. Projekt on lingitud github&#8217;iga Kokkuv\u00f5ttev diagramm<\/p>\n","protected":false},"author":1,"featured_media":0,"parent":0,"menu_order":0,"comment_status":"closed","ping_status":"closed","template":"","meta":{"ocean_post_layout":"","ocean_both_sidebars_style":"","ocean_both_sidebars_content_width":0,"ocean_both_sidebars_sidebars_width":0,"ocean_sidebar":"0","ocean_second_sidebar":"0","ocean_disable_margins":"enable","ocean_add_body_class":"","ocean_shortcode_before_top_bar":"","ocean_shortcode_after_top_bar":"","ocean_shortcode_before_header":"","ocean_shortcode_after_header":"","ocean_has_shortcode":"","ocean_shortcode_after_title":"","ocean_shortcode_before_footer_widgets":"","ocean_shortcode_after_footer_widgets":"","ocean_shortcode_before_footer_bottom":"","ocean_shortcode_after_footer_bottom":"","ocean_display_top_bar":"default","ocean_display_header":"default","ocean_header_style":"","ocean_center_header_left_menu":"0","ocean_custom_header_template":"0","ocean_custom_logo":0,"ocean_custom_retina_logo":0,"ocean_custom_logo_max_width":0,"ocean_custom_logo_tablet_max_width":0,"ocean_custom_logo_mobile_max_width":0,"ocean_custom_logo_max_height":0,"ocean_custom_logo_tablet_max_height":0,"ocean_custom_logo_mobile_max_height":0,"ocean_header_custom_menu":"0","ocean_menu_typo_font_family":"0","ocean_menu_typo_font_subset":"","ocean_menu_typo_font_size":0,"ocean_menu_typo_font_size_tablet":0,"ocean_menu_typo_font_size_mobile":0,"ocean_menu_typo_font_size_unit":"px","ocean_menu_typo_font_weight":"","ocean_menu_typo_font_weight_tablet":"","ocean_menu_typo_font_weight_mobile":"","ocean_menu_typo_transform":"","ocean_menu_typo_transform_tablet":"","ocean_menu_typo_transform_mobile":"","ocean_menu_typo_line_height":0,"ocean_menu_typo_line_height_tablet":0,"ocean_menu_typo_line_height_mobile":0,"ocean_menu_typo_line_height_unit":"","ocean_menu_typo_spacing":0,"ocean_menu_typo_spacing_tablet":0,"ocean_menu_typo_spacing_mobile":0,"ocean_menu_typo_spacing_unit":"","ocean_menu_link_color":"","ocean_menu_link_color_hover":"","ocean_menu_link_color_active":"","ocean_menu_link_background":"","ocean_menu_link_hover_background":"","ocean_menu_link_active_background":"","ocean_menu_social_links_bg":"","ocean_menu_social_hover_links_bg":"","ocean_menu_social_links_color":"","ocean_menu_social_hover_links_color":"","ocean_disable_title":"default","ocean_disable_heading":"default","ocean_post_title":"","ocean_post_subheading":"","ocean_post_title_style":"","ocean_post_title_background_color":"","ocean_post_title_background":0,"ocean_post_title_bg_image_position":"","ocean_post_title_bg_image_attachment":"","ocean_post_title_bg_image_repeat":"","ocean_post_title_bg_image_size":"","ocean_post_title_height":0,"ocean_post_title_bg_overlay":0.5,"ocean_post_title_bg_overlay_color":"","ocean_disable_breadcrumbs":"default","ocean_breadcrumbs_color":"","ocean_breadcrumbs_separator_color":"","ocean_breadcrumbs_links_color":"","ocean_breadcrumbs_links_hover_color":"","ocean_display_footer_widgets":"default","ocean_display_footer_bottom":"default","ocean_custom_footer_template":"0","footnotes":""},"class_list":["post-1384","page","type-page","status-publish","hentry","entry","owp-thumbs-layout-horizontal","owp-btn-normal","owp-tabs-layout-horizontal","has-no-thumbnails","has-product-nav"],"_links":{"self":[{"href":"https:\/\/lastovski21.thkit.ee\/wp\/wp-json\/wp\/v2\/pages\/1384","targetHints":{"allow":["GET"]}}],"collection":[{"href":"https:\/\/lastovski21.thkit.ee\/wp\/wp-json\/wp\/v2\/pages"}],"about":[{"href":"https:\/\/lastovski21.thkit.ee\/wp\/wp-json\/wp\/v2\/types\/page"}],"author":[{"embeddable":true,"href":"https:\/\/lastovski21.thkit.ee\/wp\/wp-json\/wp\/v2\/users\/1"}],"replies":[{"embeddable":true,"href":"https:\/\/lastovski21.thkit.ee\/wp\/wp-json\/wp\/v2\/comments?post=1384"}],"version-history":[{"count":2,"href":"https:\/\/lastovski21.thkit.ee\/wp\/wp-json\/wp\/v2\/pages\/1384\/revisions"}],"predecessor-version":[{"id":1395,"href":"https:\/\/lastovski21.thkit.ee\/wp\/wp-json\/wp\/v2\/pages\/1384\/revisions\/1395"}],"wp:attachment":[{"href":"https:\/\/lastovski21.thkit.ee\/wp\/wp-json\/wp\/v2\/media?parent=1384"}],"curies":[{"name":"wp","href":"https:\/\/api.w.org\/{rel}","templated":true}]}}