{"id":154,"date":"2021-10-27T21:12:04","date_gmt":"2021-10-27T18:12:04","guid":{"rendered":"https:\/\/mihhaillastovski.wordpress.com\/?page_id=154"},"modified":"2022-09-23T07:22:39","modified_gmt":"2022-09-23T07:22:39","slug":"sonastik","status":"publish","type":"page","link":"https:\/\/lastovski21.thkit.ee\/wp\/en\/sonastik\/","title":{"rendered":"Dictionary"},"content":{"rendered":"\n<div class=\"wp-block-columns is-layout-flex wp-container-core-columns-is-layout-9d6595d7 wp-block-columns-is-layout-flex\">\n<div class=\"wp-block-column is-layout-flow wp-block-column-is-layout-flow\" style=\"flex-basis:100%\">\n<div class=\"wp-block-columns is-layout-flex wp-container-core-columns-is-layout-9d6595d7 wp-block-columns-is-layout-flex\">\n<div class=\"wp-block-column is-layout-flow wp-block-column-is-layout-flow\">\n<p>Salvesta<\/p>\n\n\n\n<p>L\u00fclita sisse <\/p>\n\n\n\n<p>L\u00fclita v\u00e4lja<\/p>\n\n\n\n<p>Laadi alla<\/p>\n\n\n\n<p>Laadi \u00fcles<\/p>\n\n\n\n<p>Kustuta<\/p>\n\n\n\n<p>K\u00e4ivita<\/p>\n\n\n\n<p>Lohista<\/p>\n\n\n\n<p>Sisesta<\/p>\n\n\n\n<p>Lisa<\/p>\n\n\n\n<p>Kuva<\/p>\n\n\n\n<p>Muuda<\/p>\n<\/div>\n\n\n\n<div class=\"wp-block-column is-layout-flow wp-block-column-is-layout-flow\">\n<p>\u0421\u043e\u0445\u0440\u0430\u043d\u0438\u0442\u044c<\/p>\n\n\n\n<p>\u0412\u043a\u043b\u044e\u0447\u0438<\/p>\n\n\n\n<p>\u0412\u044b\u043a\u043b\u044e\u0447\u0438<\/p>\n\n\n\n<p>\u0421\u043a\u0430\u0447\u0430\u0439 (\u043d\u0430 \u043a\u043e\u043c\u043f\u044c\u044e\u0442\u0435\u0440)<\/p>\n\n\n\n<p>\u0417\u0430\u043a\u0430\u0447\u0430\u0439 (\u043e\u0442\u043f\u0440\u0430\u0432\u044c)<\/p>\n\n\n\n<p>\u0423\u0434\u0430\u043b\u0438\u0442\u044c<\/p>\n\n\n\n<p>\u0417\u0430\u043f\u0443\u0441\u0442\u0438\u0442\u044c<\/p>\n\n\n\n<p>\u0442\u044f\u043d\u0438, \u0442\u0430\u0449\u0438 \/ lohista faili<\/p>\n\n\n\n<p>\u0412\u043d\u0435\u0441\u0438, \u0432\u0441\u0442\u0430\u0432\u044c<\/p>\n\n\n\n<p>\u0414\u043e\u0431\u0430\u0432\u0438\u0442\u044c<\/p>\n\n\n\n<p>\u041e\u0442\u043e\u0431\u0440\u0430\u0437\u0438<\/p>\n\n\n\n<p>\u0418\u0437\u043c\u0435\u043d\u0438\u0442\u044c<\/p>\n<\/div>\n<\/div>\n<\/div>\n<\/div>\n\n\n\n<h2 class=\"wp-block-heading\">Andmebaas<\/h2>\n\n\n\n<div class=\"wp-block-columns is-layout-flex wp-container-core-columns-is-layout-9d6595d7 wp-block-columns-is-layout-flex\">\n<div class=\"wp-block-column is-layout-flow wp-block-column-is-layout-flow\">\n<p>Andmebaashaldus\u00fcsteem<\/p>\n\n\n\n<p>Versioonihaldus\u00fcsteem<\/p>\n\n\n\n<p>V\u00e4\u00e4rtus<\/p>\n\n\n\n<p>Tabel, rida, veerg<\/p>\n\n\n\n<p>Kirje &#8211; kirjed<\/p>\n\n\n\n<p>V\u00e4li &#8211; v\u00e4ljad<\/p>\n\n\n\n<p>Lause = p\u00e4ring<\/p>\n\n\n\n<p>Piirang<\/p>\n\n\n\n<p>Tulemus<\/p>\n\n\n\n<p>Seos <\/p>\n\n\n\n<p>Seosta tabelid<\/p>\n\n\n\n<p>Veateade<\/p>\n\n\n\n<p>V\u00e4lja suurus<\/p>\n\n\n\n<p>Andmet\u00fc\u00fcp<\/p>\n\n\n\n<p>Arvet\u00fc\u00fcp<\/p>\n\n\n\n<p>S\u00fcmbolt\u00fc\u00fcp<\/p>\n\n\n\n<p>loogiline t\u00fc\u00fcp<\/p>\n\n\n\n<p>Kuup\u00e4ev\/aeg<\/p>\n\n\n\n<p>Tabeli eemaldamine <\/p>\n\n\n\n<p>Veeru muutmine\/lisamine\/eemaldamine<\/p>\n\n\n\n<p>Tabeli loomine \/ luua<\/p>\n\n\n\n<p>Primaarne v\u00f5ti<\/p>\n\n\n\n<p>V\u00e4lisv\u00f5ti<\/p>\n<\/div>\n\n\n\n<div class=\"wp-block-column is-layout-flow wp-block-column-is-layout-flow\">\n<p>\u0421\u0423\u0411\u0414<\/p>\n\n\n\n<p>\u0421\u0438\u0441\u0442\u0435\u043c\u0430 \u0443\u043f\u0440\u0430\u0432\u043b\u0435\u043d\u0438\u044f \u0432\u0435\u0440\u0441\u0438\u044f\u043c\u0438 \/ gitHub<\/p>\n\n\n\n<p>\u0417\u043d\u0430\u0447\u0435\u043d\u0438\u0435<\/p>\n\n\n\n<p>\u0422\u0430\u0431\u043b\u0438\u0446\u0430, \u0440\u044f\u0434, \u0441\u0442\u043e\u043b\u0431\u0435\u0446<\/p>\n\n\n\n<p>\u0417\u0430\u043f\u0438\u0441\u044c &#8211; \u0437\u0430\u043f\u0438\u0441\u0438<\/p>\n\n\n\n<p>\u041f\u043e\u043b\u0435 &#8211; \u043f\u043e\u043b\u044f<\/p>\n\n\n\n<p>\u0417\u0430\u043f\u0440\u043e\u0441<\/p>\n\n\n\n<p>\u041e\u0433\u0440\u0430\u043d\u0438\u0447\u0435\u043d\u0438\u0435 \/ Unique, Not null, \u0421heck<\/p>\n\n\n\n<p>\u0420\u0435\u0437\u0443\u043b\u044c\u0442\u0430\u0442<\/p>\n\n\n\n<p>\u0421\u0432\u044f\u0437\u044c<\/p>\n\n\n\n<p>\u0421\u0432\u044f\u0437\u0430\u0442\u044c \u0442\u0430\u0431\u043b\u0438\u0446\u0443<\/p>\n\n\n\n<p>\u0421\u043e\u043e\u0431\u0449\u0435\u043d\u0438\u0435 \u043e\u0431 \u043e\u0448\u0438\u0431\u043a\u0435<\/p>\n\n\n\n<p>\u0420\u0430\u0437\u043c\u0435\u0440 \u043f\u043e\u043b\u044f<\/p>\n\n\n\n<p>\u0442\u0438\u043f \u0434\u0430\u043d\u043d\u044b\u0445<\/p>\n\n\n\n<p>\u0427\u0438\u0441\u043b\u043e\u0432\u043e\u0439<\/p>\n\n\n\n<p>\u0421\u0438\u043c\u0432\u043e\u043b\u044c\u043d\u044b\u0439<\/p>\n\n\n\n<p>\u041b\u043e\u0433\u0438\u0447\u0435\u0441\u043a\u0438\u0439<\/p>\n\n\n\n<p>\u0414\u0430\u0442\u0430<\/p>\n\n\n\n<p>Drop table &#8211; \u0443\u0434\u0430\u043b\u0435\u043d\u0438\u0435<\/p>\n\n\n\n<p>\u0418\u0437\u043c\u0435\u043d\u0438\u0442\u044c\/\u0414\u043e\u0431\u0430\u0432\u0438\u0442\u044c\/\u0423\u0434\u0430\u043b\u0438\u0442\u044c \u0441\u0442\u043e\u043b\u0431\u0435\u0446<\/p>\n\n\n\n<p>\u0421\u043e\u0437\u0434\u0430\u043d\u0438\u0435 \u0442\u0430\u0431\u043b\u0438\u0446\u044b<\/p>\n\n\n\n<p>Primary key<\/p>\n\n\n\n<p>Foreign key<\/p>\n<\/div>\n<\/div>\n","protected":false},"excerpt":{"rendered":"<p>Salvesta L\u00fclita sisse L\u00fclita v\u00e4lja Laadi alla Laadi \u00fcles Kustuta K\u00e4ivita Lohista Sisesta Lisa Kuva Muuda \u0421\u043e\u0445\u0440\u0430\u043d\u0438\u0442\u044c \u0412\u043a\u043b\u044e\u0447\u0438 \u0412\u044b\u043a\u043b\u044e\u0447\u0438 \u0421\u043a\u0430\u0447\u0430\u0439 (\u043d\u0430 \u043a\u043e\u043c\u043f\u044c\u044e\u0442\u0435\u0440) \u0417\u0430\u043a\u0430\u0447\u0430\u0439 (\u043e\u0442\u043f\u0440\u0430\u0432\u044c) \u0423\u0434\u0430\u043b\u0438\u0442\u044c \u0417\u0430\u043f\u0443\u0441\u0442\u0438\u0442\u044c \u0442\u044f\u043d\u0438, \u0442\u0430\u0449\u0438 \/ lohista faili \u0412\u043d\u0435\u0441\u0438, \u0432\u0441\u0442\u0430\u0432\u044c \u0414\u043e\u0431\u0430\u0432\u0438\u0442\u044c \u041e\u0442\u043e\u0431\u0440\u0430\u0437\u0438 \u0418\u0437\u043c\u0435\u043d\u0438\u0442\u044c Andmebaas Andmebaashaldus\u00fcsteem Versioonihaldus\u00fcsteem V\u00e4\u00e4rtus Tabel, rida, veerg Kirje &#8211; kirjed V\u00e4li &#8211; v\u00e4ljad Lause = p\u00e4ring Piirang Tulemus Seos [&hellip;]<\/p>\n","protected":false},"author":1,"featured_media":0,"parent":0,"menu_order":0,"comment_status":"closed","ping_status":"closed","template":"","meta":{"ocean_post_layout":"","ocean_both_sidebars_style":"","ocean_both_sidebars_content_width":0,"ocean_both_sidebars_sidebars_width":0,"ocean_sidebar":"","ocean_second_sidebar":"","ocean_disable_margins":"enable","ocean_add_body_class":"","ocean_shortcode_before_top_bar":"","ocean_shortcode_after_top_bar":"","ocean_shortcode_before_header":"","ocean_shortcode_after_header":"","ocean_has_shortcode":"","ocean_shortcode_after_title":"","ocean_shortcode_before_footer_widgets":"","ocean_shortcode_after_footer_widgets":"","ocean_shortcode_before_footer_bottom":"","ocean_shortcode_after_footer_bottom":"","ocean_display_top_bar":"default","ocean_display_header":"default","ocean_header_style":"","ocean_center_header_left_menu":"","ocean_custom_header_template":"","ocean_custom_logo":0,"ocean_custom_retina_logo":0,"ocean_custom_logo_max_width":0,"ocean_custom_logo_tablet_max_width":0,"ocean_custom_logo_mobile_max_width":0,"ocean_custom_logo_max_height":0,"ocean_custom_logo_tablet_max_height":0,"ocean_custom_logo_mobile_max_height":0,"ocean_header_custom_menu":"","ocean_menu_typo_font_family":"","ocean_menu_typo_font_subset":"","ocean_menu_typo_font_size":0,"ocean_menu_typo_font_size_tablet":0,"ocean_menu_typo_font_size_mobile":0,"ocean_menu_typo_font_size_unit":"px","ocean_menu_typo_font_weight":"","ocean_menu_typo_font_weight_tablet":"","ocean_menu_typo_font_weight_mobile":"","ocean_menu_typo_transform":"","ocean_menu_typo_transform_tablet":"","ocean_menu_typo_transform_mobile":"","ocean_menu_typo_line_height":0,"ocean_menu_typo_line_height_tablet":0,"ocean_menu_typo_line_height_mobile":0,"ocean_menu_typo_line_height_unit":"","ocean_menu_typo_spacing":0,"ocean_menu_typo_spacing_tablet":0,"ocean_menu_typo_spacing_mobile":0,"ocean_menu_typo_spacing_unit":"","ocean_menu_link_color":"","ocean_menu_link_color_hover":"","ocean_menu_link_color_active":"","ocean_menu_link_background":"","ocean_menu_link_hover_background":"","ocean_menu_link_active_background":"","ocean_menu_social_links_bg":"","ocean_menu_social_hover_links_bg":"","ocean_menu_social_links_color":"","ocean_menu_social_hover_links_color":"","ocean_disable_title":"default","ocean_disable_heading":"default","ocean_post_title":"","ocean_post_subheading":"","ocean_post_title_style":"","ocean_post_title_background_color":"","ocean_post_title_background":0,"ocean_post_title_bg_image_position":"","ocean_post_title_bg_image_attachment":"","ocean_post_title_bg_image_repeat":"","ocean_post_title_bg_image_size":"","ocean_post_title_height":0,"ocean_post_title_bg_overlay":0.5,"ocean_post_title_bg_overlay_color":"","ocean_disable_breadcrumbs":"default","ocean_breadcrumbs_color":"","ocean_breadcrumbs_separator_color":"","ocean_breadcrumbs_links_color":"","ocean_breadcrumbs_links_hover_color":"","ocean_display_footer_widgets":"default","ocean_display_footer_bottom":"default","ocean_custom_footer_template":"","footnotes":""},"class_list":["post-154","page","type-page","status-publish","hentry","entry","owp-thumbs-layout-horizontal","owp-btn-normal","owp-tabs-layout-horizontal","has-no-thumbnails","has-product-nav"],"_links":{"self":[{"href":"https:\/\/lastovski21.thkit.ee\/wp\/en\/wp-json\/wp\/v2\/pages\/154","targetHints":{"allow":["GET"]}}],"collection":[{"href":"https:\/\/lastovski21.thkit.ee\/wp\/en\/wp-json\/wp\/v2\/pages"}],"about":[{"href":"https:\/\/lastovski21.thkit.ee\/wp\/en\/wp-json\/wp\/v2\/types\/page"}],"author":[{"embeddable":true,"href":"https:\/\/lastovski21.thkit.ee\/wp\/en\/wp-json\/wp\/v2\/users\/1"}],"replies":[{"embeddable":true,"href":"https:\/\/lastovski21.thkit.ee\/wp\/en\/wp-json\/wp\/v2\/comments?post=154"}],"version-history":[{"count":1,"href":"https:\/\/lastovski21.thkit.ee\/wp\/en\/wp-json\/wp\/v2\/pages\/154\/revisions"}],"predecessor-version":[{"id":1171,"href":"https:\/\/lastovski21.thkit.ee\/wp\/en\/wp-json\/wp\/v2\/pages\/154\/revisions\/1171"}],"wp:attachment":[{"href":"https:\/\/lastovski21.thkit.ee\/wp\/en\/wp-json\/wp\/v2\/media?parent=154"}],"curies":[{"name":"wp","href":"https:\/\/api.w.org\/{rel}","templated":true}]}}